{"id":32,"date":"2011-12-21T17:10:09","date_gmt":"2011-12-21T16:10:09","guid":{"rendered":"http:\/\/www.bojan-adamic.si\/en\/?page_id=32"},"modified":"2013-01-27T10:35:18","modified_gmt":"2013-01-27T09:35:18","slug":"project","status":"publish","type":"page","link":"http:\/\/www.bojan-adamic.si\/en\/project\/","title":{"rendered":"The project on Adami\u010d&#8217;s 100th anniversary"},"content":{"rendered":"<div class=\"content\">\n<h1>The project on Adami\u010d&#8217;s 100th anniversary<\/h1>\n<p>Many different events took place during 2012 year within the project on Adami\u010d 100th anniversary.<\/p>\n<ol id=\"listKazalo\">\n<li><a href=\"#glasbeno\">Field of music<\/a>\n<ul class=\"nopading\">\n<li class=\"kazalo\"><a href=\"#godbenistvo\">Music for brass<\/a><\/li>\n<li class=\"kazalo\"><a href=\"#glasbeni-dnevi\">Slovene musical days<\/a><\/li>\n<li class=\"kazalo\"><a href=\"#sanson\">Chanson<\/a><\/li>\n<li class=\"kazalo\"><a href=\"#jazz\">Jazz<\/a><\/li>\n<li class=\"kazalo\"><a href=\"#planinska\">Concert with mountain songs<\/a><\/li>\n<li class=\"kazalo\"><a href=\"#lutkovne\">Marionette shows<\/a><\/li>\n<\/ul>\n<\/li>\n<li><a href=\"#filmsko\">Film Music<\/a>\n<ul class=\"nopading\">\n<li class=\"kazalo\"><a href=\"#retrospektiva\">Film retrospective<\/a><\/li>\n<\/ul>\n<\/li>\n<li><a href=\"#razstavainizdaje\">Exhibition and notation publications, CDs, photographic monograph<\/a>\n<ul class=\"nopading\">\n<li class=\"kazalo\"><a href=\"#razstava\">Exhibition of notation publications, audio recordings and documents of Bojan Adami\u010d<\/a><\/li>\n<li class=\"kazalo\"><a href=\"#izdaje\">New notation publications and CDs with music by Bojan Adami\u010d<\/a><\/li>\n<li class=\"kazalo\"><a href=\"#monografija\">Monograph <em>Zven maske (The Sound of the Mask)<\/em><\/a><\/li>\n<li class=\"kazalo\"><a href=\"#exhibition-carnival\">Photographic Exhibition of carnival masks, entitled <em>The Sound of the Mask: photographic masterpieces of Bojan Adami\u010d<\/em><\/a><\/li>\n<\/ul>\n<\/li>\n<li><a href=\"#izobrazevanje\">Education<\/a>\n<ul class=\"nopading\">\n<li class=\"kazalo\"><a href=\"#pouk-glasbene\">Bojan Adami\u010d at music lessons in Primary schools<\/a><\/li>\n<\/ul>\n<\/li>\n<li><a href=\"#arhiviranje\">Archiving<\/a>\n<ul class=\"nopading\">\n<li class=\"kazalo\"><a href=\"#arhiviranjenotnih\">Archiving of notation publications, newspaper clippings and other documents of Bojan Adami\u010d<\/a><\/li>\n<\/ul>\n<\/li>\n<li><a href=\"#sodelovanje\">Cooperation with various institutions and groups of musicians<\/a>\n<ul class=\"nopading\">\n<li class=\"kazalo\"><a href=\"#glasbene-sole\">Music schools<\/a><\/li>\n<li class=\"kazalo\"><a href=\"#konservatorij-za-glasbo\">Conservatory for music and ballet Ljubljana<\/a><\/li>\n<li class=\"kazalo\"><a href=\"#komorni-godalni\">The Slovene Philharmonic String Chamber Orchestra <\/a><\/li>\n<\/ul>\n<\/li>\n<\/ol>\n<p class=\"separatorRoman\"><a name=\"glasbeno\">1<\/a><\/p>\n<h2>Field of music<\/h2>\n<div class=\"sep-news\">\n<h3><a name=\"godbenistvo\">Music for brass<\/a><\/h3>\n<p>Zveza slovenskih godb (The Association of Slovenian Brass Bands), in cooperation with Javni sklad RS za kulturne dejavnosti (the Public Funds of the Republic of Slovenia for culture-related activities) and Zveza dru\u0161tev Maribor (The Maribor Association of Societies), declared the year 2012 as the Bojan Adami\u010d Year.<\/p>\n<p>On May 26 2010, Zveza slovenskih godb appointed an organizing committee for the Bojan Adami\u010d Year 2012, with Ervin Hartman as chairman and members: Alenka Adami\u010d, Igor Ter\u0161ar, Matic Varl, Franci Pivec, Daniel Leskovic, Tone Urbas and Domen Prezelj. The committee has made a draft of a project which was also performed within the project <em>European Capital of Culture &ndash; <a href=\"http:\/\/www.maribor2012.eu\/en\/nc\/project\/prikaz\/113902\/\" title=\"Maribor 2012: &nbsp;THE YEAR OF BOJAN ADAMI\u010c\">Maribor 2012<\/a><\/em> as follows:<\/p>\n<ul class=\"lista\">\n<li>\n<h4 class=\"nopading\">The Bojan Adami\u010d Spring of 2012<\/h4>\n<p class=\"nopading\">All brass orchestras were invited to play at least one musical piece by Bojan Adami\u010d at their public performances in the first half of 2012 play. All the participants were <a title=\"Catalogue of the participating brass orchestras (.pdf)\" href=\"http:\/\/www.bojan-adamic.si\/wp-content\/themes\/adamic\/dogodki\/2013-01\/SEZNAM GODB ki so sodelovale - ADAMICEVO LETO 2012-EN.pdf\">presented on the website<\/a> and in a special leaflet published within the framework of the Adami\u010d Spring. The Zveza slovenskih godb provided a special promotion poster with the image of Bojan Adami\u010d, which was posted up at their concerts and stimulated orchestras to include into their possible new CDs one or more pieces by Adami\u010d or exclusively his music.<\/p>\n<\/li>\n<li>\n<h4>Brass Orchestra Day<\/h4>\n<p class=\"nopading\">The Brass Orchestra Day took place on October 27 and 28 2012 in the Univerzitetna knji\u017enica Maribor (UKM) and in the Union hall, both in Maribor. It included a symposium on the life of Bojan Adami\u010d, an exhibition, a concert of brass orchestras, gala concert and ceremonial meeting of the presiding board of the Zveza slovenskih godb.<\/p>\n<p>Members of the intenational group <a title=\"CISM Silver Club (.pdf)\" href=\"http:\/\/www.bojan-adamic.si\/wp-content\/themes\/adamic\/dogodki\/2012-09\/CISM_silver_club_charta.pdf\">CISM Silver Club<\/a> attended events of the Brass Orchestra day.<\/p>\n<p>\t\t\t<span class=\"debele\">October 27 2012<\/span><\/p>\n<p class=\"nopading\">The Academy of Music of Ljubljana organized an international symposium at the <a href=\"http:\/\/www.maribor2012.eu\/en\/nc\/project\/prikaz\/113902\/\" title=\"Maribor 2012: &nbsp;THE YEAR OF BOJAN ADAMI\u010c\">Univerzitetna knji\u017enica (University Library of) Maribor<\/a>; the papers were published in the symposium proceedings. In addition, students at respective schools were stimulated to investigate in their seminary and diploma works themes on the life and work of Bojan Adami\u010d, such as: music for festivals, jazz, musical broadcasts for the young Veseli tobogan, music for brass, film music, partisan songs, chansons, musical, choral and folk music and the like.<\/p>\n<p>During the break, there were two openings:<\/p>\n<ul class=\"lista\">\n<li>\n<p class=\"nopading\">Photographic Exhibition of carnival masks, entitled <em>The Sound of the Mask: photographic masterpieces of Bojan Adami\u010d<\/em>. The exhibition, organized and staged by the Pokrajinski muzej Ptuj in 2003, was already on tour in Slovenia and abroad.<\/p>\n<\/li>\n<li>\n<p class=\"nopading\">Exhibition of notation publications, audio recordings and documents of Bojan Adami\u010d.<\/p>\n<\/li>\n<\/ul>\n<p>In the evening, gala concert took place in Union Hall in Maribor; the Slovenian Army orchestra performed the first part of the concert evening (program: B. Adami\u010d, Requiem) and the Slovenian Police orchestra performed the second part (program: other works by Adami\u010d, some of which have not been performed yet). Conductor to both the orchestra: Milivoj \u0160urbek.<\/p>\n<p>\t\t\t<span class=\"debele\">October 28 2012<\/span><\/p>\n<p class=\"nopading\">In the morning, a ceremonial meeting of the ZSG took place to celebrate the 100th anniversary of the birth of Bojan Adami\u010d.<\/p>\n<p>At 10:00 and 16:00 the Concert Day of brass orchestras was be held at Union Hall in Maribor.<\/p>\n<\/li>\n<\/ul>\n<\/div>\n<div class=\"sep-news\">\n<h3><a name=\"glasbeni-dnevi\">Slovene musical days<\/a><\/h3>\n<h4>Bojan Adami\u010d &ndash; compliments to maestro<\/h4>\n<p class=\"no-padding-top\">The common concert in Ljubljana on March 12 2012 was organized by Radio and TV Slovenia, Festival Ljubljana and Cankarjev dom. On this opening concert of Slovene musical days, Adami\u010d music was played by Big band RTV Slovenija and Symphonic orchestra of RTV Slovenija.<\/p>\n<\/div>\n<div class=\"sep-news\">\n<h3><a name=\"sanson\">Chanson<\/a><\/h3>\n<p>Under the lead of Vita Mavri\u010d and Caf\u00e9 Teater, an international evening of chansons, <em>La vie en Rose<\/em>, took place at Cankarjev Dom hall in Ljubljana on June 4 2012. It was dedicated to Bojan Adami\u010d, the initiator of chanson production in Slovenia and the conceptual leader of the festival of chansons at Roga\u0161ka Slatina.<\/p>\n<\/div>\n<div class=\"sep-news\">\n<h3><a name=\"jazz\">Jazz<\/a><\/h3>\n<p>Radio music broadcast <em>Nedeljski glasbeni portret<\/em> was dedicated to Adami\u010d jazz music creation. It took place on March 11 2012 at 20.00 on the 3. program of Radio Slovenia.<\/p>\n<\/div>\n<div class=\"sep-news\">\n<h3><a name=\"planinska\">Concert with mountain songs<\/a><\/h3>\n<p>Tourist association \u0160marna gora dedicated <em>29. Mountain song concert<\/em> to Bojan Adami\u010d\u2019s music. It took place on May 11, 2012 at 5.p.m on \u0160marna Gora, the hill near Ljubljana. Famous Slovenian singer Alenka Godec sang a few songs and the concert performance also included music by brass orchestra and kids and adult choirs.<\/p>\n<\/div>\n<h3><a name=\"lutkovne\"><\/a>Marionette shows<\/h3>\n<p>On January 17 2012, the marionette theatre Lutkovno gledali\u0161\u010de Ljubljana, prepared the gala performance of the piece <a href=\"http:\/\/www.bojan-adamic.si\/en\/salve-maestro-adamic-said-muppet-zogica-marogica-at-the-end-of-the-show\/\" title=\"&ldquo;Salve  Maestro  Adami\u010d&rdquo;, said Muppet \u017dogica Marogica at the end of the show  | Bojan Adami\u010d\">\u017dogica Marogica<\/a>, which was dedicated to 100. anniversary of the birth of Bojan Adami\u010d.<\/p>\n<p class=\"separatorRoman\"><a name=\"filmsko\">2<\/a><\/p>\n<h2>Film music<\/h2>\n<h3><a name=\"retrospektiva\"><\/a>Film retrospective at Slovenska Kinoteka<\/h3>\n<p>Bojan Adami\u010d composed music for more than 220 Slovenian and foreign films. Considering the exceptional significance of his film-related activities the Slovenska Kinoteka prepared a comprehensive retrospective of films for which he wrote the music. This was the central event of September 2012. In addition, the regular June number of <em>Kinote\u010dnik<\/em>, the monthly program of Kinoteka&#8217;s events, was also be dedicated to Bojan Adami\u010d and his work for film.<\/p>\n<p>As the introductory event to the retrospective, a special projection &#8216;under the stars&#8217; was organized at Diva\u010da in the new open-air cinema of the Museum of Slovenian movie actors on August 10, one day later as the day of Bojan Adami\u010d\u2019s birth.<\/p>\n<p class=\"separatorRoman\"><a name=\"razstavainizdaje\">3<\/a><\/p>\n<h2>Exhibition and of notation publications, CDs, monograph on photography<\/h2>\n<div class=\"sep-news\">\n<h3><a name=\"razstava\">Exhibition of notation publications, audio recordings and documents of Bojan Adami\u010d<\/a><\/h3>\n<p>The opening of the exhibition was on March 12 2012 at Narodna in univerzitetna knji\u017enica (National and University Library in Ljubljana), and the re-opening on 27 October 2012 in Maribor.<\/p>\n<\/div>\n<div class=\"sep-news\">\n<h3><a name=\"izdaje\">New notation publications and CDs<\/a><\/h3>\n<ul class=\"lista\">\n<li>\n<p class=\"nopading\">Zveza slovenskih godb (The Association of Slovenian Brass Bands), published <a title=\"Requiem (.jpg)\" href=\"http:\/\/www.bojan-adamic.si\/wp-content\/themes\/adamic\/dogodki\/2012-10\/Rekvijem.jpg\">a luxury<\/a> <a title=\"An introduction to the publication (Nejc Sukljan) (.jpg)\" href=\"http:\/\/www.bojan-adamic.si\/wp-content\/themes\/adamic\/dogodki\/2012-10\/requiem-sukljan-en.jpg\">edition<\/a> <a title=\"Requiem (MA Domen Prezelj) (.jpg)\" href=\"http:\/\/www.bojan-adamic.si\/wp-content\/themes\/adamic\/dogodki\/2012-10\/requiem-prezelj-en.jpg\">of Requiem<\/a>, music for brass orchestras, which has been presented at festive session of the Association in Maribor on October 28, 2012.<\/p>\n<\/li>\n<li>\n<p>Dru\u0161tvo slovenskih skladateljev (The Association of Slovenian Composers) republished the CD <a title=\"Iz simfoni\u010dnega opusa (.jpg)\" href=\"http:\/\/www.bojan-adamic.si\/wp-content\/themes\/adamic\/dogodki\/2012-10\/adamic-iz simfonicnega opusa.jpg\"><em>Bojan Adami\u010d &ndash; Iz simfoni\u010dnega opusa<\/em> (Bojan Adami\u010d &ndash; from his symphonic oeuvre)<\/a> with 12 compositions and the Ljubljana piano concert. They also prepared the notation publication <a title=\"Prelepa si bela Ljubljana (.jpg)\" href=\"http:\/\/www.bojan-adamic.si\/wp-content\/themes\/adamic\/dogodki\/2012-10\/DSS-edicija-Adamic.jpg\"><em>Prelepa si<\/em><\/a> <a title=\"Prelepa si bela Ljubljana (contents) (.jpg)\" href=\"http:\/\/www.bojan-adamic.si\/wp-content\/themes\/adamic\/dogodki\/2012-10\/DSS-edicija-Adamic-kazalo.jpg\"><em>bela Ljubljana<\/em> (You are gorgeous, beautiful Ljubljana)<\/a> with 15 popular songs by Bojan Adami\u010d&mdash;in cooperation with the editor Toma\u017e Habe. Both musical issuings have been presented within the International scientific symposium on Bojan Adami\u010d life and work in Maribor on October 27, 2012<\/p>\n<\/li>\n<li>\n<p>In December 2012, Zalo\u017eba kaset in plo\u0161\u010d RTV Slovenija (Publisher for cassettes and plates RTV Slovenia) has published the CD, titled <a href=\"http:\/\/zkpprodaja.si21.com\/sl\/Zabavna_glasba\/BOJAN_ADAMIC_MOJSTER_ZA_VSE_CASE\/?rtvslo-zkp=32i06q7sji3b7dv3jubhkccm77\" title=\"BOJAN ADAMI\u010c: MOJSTER ZA VSE \u010cASE - Zabavna glasba - Rock - Zalo\u017eba kaset in plo\u0161\u010d, RTV Slovenija\"><em>Mojster za vse \u010dase<\/em> (Master for all times)<\/a> with 22 Adami\u010d compositions, which have been recorded in RTV Slovenia studio between 1958 and 2012.<\/p>\n<\/li>\n<li>\n<p>Zalo\u017eba Hartman d.o.o. published edition for brass orchestra <em>Z omejeno brzino<\/em>.<\/p>\n<\/li>\n<\/ul>\n<\/div>\n<div class=\"sep-news\">\n<h3><a name=\"monografija\">The monograph Zven maske (The Sound of the Mask)<\/a><\/h3>\n<p>A reprint is planned of the monograph <em>Zven maske: fotografske mojstrovine Bojana Adami\u010da (The Sound of the Mask: photographic masterpieces of Bojan Adami\u010d)<\/em>.<\/p>\n<\/div>\n<h3><a name=\"exhibition-carnival\">Photographic Exhibition of carnival masks, entitled &ldquo;The Sound of the Mask: photographic masterpieces of Bojan Adami\u010d&rdquo;<\/a><\/h3>\n<p>Hosted exhibition by the Pokrajinski muzej Ptuj Ormo\u017e, 2003<\/p>\n<p>The opening of the exhibition was on February 15 at Emporium in BTC Ljubljana and on October 27 2012 at University Library of Maribor.<\/p>\n<p class=\"separatorRoman\"><a name=\"izobrazevanje\">4<\/a><\/p>\n<h2>Education<\/h2>\n<h3><a name=\"pouk-glasbene\">Bojan Adami\u010d at music lessons in Primary schools<\/a><\/h3>\n<p>During 2012 teachers assigned one or two lessons to life, work and music by Bojan Adami\u010d. They familiarized pupils with his rich music heritage. Therefore different events and concerts were planned in schools, where pupils performed his work.<\/p>\n<p class=\"separatorRoman\"><a name=\"arhiviranje\">5<\/a><\/p>\n<h2><a name=\"arhiviranjenotnih\">Archiving<\/a><\/h2>\n<h3><a name=\"arhiviranjenotnih\">Archiving of notation publications, newspaper clippings and other documents of Bojan Adami\u010d<\/a><\/h3>\n<p>Since 1996, the <em>Narodna in univerzitetna knji\u017enica Ljubljana (National and University Library Ljubljana (NUK))<\/em> have systematically collected, stored and kept records of numerous scores of Bojan Adami\u010d. Almost the complete film oeuvre of Bojan Adami\u010d is also kept there, which is evident from the Cobiss catalogue. Newspapers clippings are collected too, in order to make them accessible to all who are interested in the life and work of Bojan Adami\u010d. Part of this legacy was also on show at both exhibitions of notation publications, audio recordings and documents on March 12 2012 at the NUK and on October 27 2012 at the Univerzitetna knji\u017enica Maribor.<\/p>\n<p class=\"separatorRoman\"><a name=\"sodelovanje\">6<\/a><\/p>\n<h2>Cooperation with various institutions and groups of musicians<\/h2>\n<div class=\"sep-news\">\n<h3><a name=\"glasbene-sole\">Music schools<\/a><\/h3>\n<p>Conservatory for music and ballet in Ljubljana (<em>Konservatorij za glasbo in balet Ljubljana<\/em>), dedicated the concert on February 16 2012 to the 100. anniversary of the composer Bojan Adami\u010d. Young musicians from 1st to 8th grade played 18 compositions by Bojan Adami\u010d &mdash; popular songs, film music, classical music, music for brass orchestras and even one Partisan song. The concert has been prepared by professors Jo\u017ee Kregar in Igor Matkovi\u010d.<\/p>\n<p>Brass orchestra from Music school Ormo\u017e (<em>Pihalni orkester Glasbene \u0161ole Ormo\u017e<\/em>), had a concert for the New year on December 28 2012 in Ormo\u017e. They played some of the Adami\u010d music, the concert being part of the <em>Adami\u010d Spring<\/em> project.<\/p>\n<\/div>\n<div class=\"sep-news\">\n<h3><a name=\"konservatorij-za-glasbo\">Conservatory for music and ballet Ljubljana<\/a><\/h3>\n<p>Young musicians, students from 1st to 7th grade, played together with the Quartet of clarinets, Jazz band and Brass orchestra Adami\u010d music on their concert on February 16 2012. They dedicated this <a href=\"http:\/\/www.bojan-adamic.si\/wp-content\/themes\/adamic\/dogodki\/2012-03\/spored-16-2-2012004.jpg\" title=\"Spored (.jpg)\">performance<\/a> to Adami\u010d 100 anniversary. The <a href=\"http:\/\/www.bojan-adamic.si\/2012\/02\/25\/javni-nastop-ucencev-konservatorija-za-glasbo-in-balet-ljubljana\/\">concert<\/a> was organized and led by Mr. Jo\u017ee Kregar.<\/p>\n<\/div>\n<h3><a name=\"komorni-godalni\">The Slovene Philharmonic String Chamber Orchestra<\/a><\/h3>\n<p><a href=\"http:\/\/www.drustvo-kgosf.si\/koncerti\/sozvocje.html\" title=\"Komorni godalni orkester slovenske filharmonije\">The Slovene Philharmonic String Chamber Orchestra<\/a> dedicated their <a href=\"http:\/\/www.bojan-adamic.si\/2012\/02\/25\/koncert-v-narodni-galeriji-v-ljubljani\/\">concert<\/a> on February 21 2012 in the National Gallery Ljubljana to the 100 anniversary of the Adami\u010d birth. The title of the concert was <em>Sozvo\u010dje svetov XI Resno in lahkotno<\/em>.<\/p>\n<\/div>\n<div class=\"sidebar\">\n<ul id=\"navSide\" class=\"mrg\">\n<li><a class=\"select\" href=\"\/en\/project\/\">Project<\/a><\/li>\n<li><a href=\"\/en\/about-the-project\/\">About the project<\/a><\/li>\n<\/ul>\n<h3 class=\"side-title mrg-top\">Calendar of events<\/h3>\n<p class=\"padding-left\">See the <a href=\"\/en\/calendar\/\">calendar of events<\/a> within the Project on Bojan Adami\u010d&#8217;s 100th anniversary.<\/p>\n","protected":false},"excerpt":{"rendered":"<p>The project on Adami\u010d&#8217;s 100th anniversary Many different events took place during 2012 year within the project on Adami\u010d 100th anniversary. Field of music Music for brass Slovene musical days Chanson Jazz Concert with mountain songs Marionette shows Film Music Film retrospective Exhibition and notation publications, CDs, photographic monograph Exhibition of notation publications, audio recordings [&hellip;]<\/p>\n","protected":false},"author":1,"featured_media":0,"parent":0,"menu_order":0,"comment_status":"open","ping_status":"open","template":"podstrani.php","meta":{"footnotes":""},"_links":{"self":[{"href":"http:\/\/www.bojan-adamic.si\/en\/wp-json\/wp\/v2\/pages\/32"}],"collection":[{"href":"http:\/\/www.bojan-adamic.si\/en\/wp-json\/wp\/v2\/pages"}],"about":[{"href":"http:\/\/www.bojan-adamic.si\/en\/wp-json\/wp\/v2\/types\/page"}],"author":[{"embeddable":true,"href":"http:\/\/www.bojan-adamic.si\/en\/wp-json\/wp\/v2\/users\/1"}],"replies":[{"embeddable":true,"href":"http:\/\/www.bojan-adamic.si\/en\/wp-json\/wp\/v2\/comments?post=32"}],"version-history":[{"count":49,"href":"http:\/\/www.bojan-adamic.si\/en\/wp-json\/wp\/v2\/pages\/32\/revisions"}],"predecessor-version":[{"id":359,"href":"http:\/\/www.bojan-adamic.si\/en\/wp-json\/wp\/v2\/pages\/32\/revisions\/359"}],"wp:attachment":[{"href":"http:\/\/www.bojan-adamic.si\/en\/wp-json\/wp\/v2\/media?parent=32"}],"curies":[{"name":"wp","href":"https:\/\/api.w.org\/{rel}","templated":true}]}}