{"id":176,"date":"2012-04-25T15:51:46","date_gmt":"2012-04-25T14:51:46","guid":{"rendered":"http:\/\/www.bojan-adamic.si\/en\/?page_id=176"},"modified":"2013-01-01T14:56:45","modified_gmt":"2013-01-01T13:56:45","slug":"audio-video","status":"publish","type":"page","link":"https:\/\/www.bojan-adamic.si\/en\/audio-video\/","title":{"rendered":"Audio\/Video"},"content":{"rendered":"<div class=\"content\">\n<h1>Music by Bojan Adami\u010d<\/h1>\n<p>The oeuvre of Bojan Adami\u010d is very comprehensive \u2013 he composed music for <a href=\"http:\/\/www.film-center.si\/index.php?module=fdb&#038;op=people&#038;peopleID=7\" title=\"Filmski sklad RS\">more than 200 Slovene and foreign films<\/a>, and also contributed to popular and jazz music. Part of his work can be listened to on the following links.<\/p>\n<ol id=\"listKazalo\">\n<li><a href=\"#avtor\">Bojan Adami\u010d, composer<\/a>\n<ul class=\"nopading\">\n<li class=\"kazalo\"><a href=\"#filmska\">Film scores<\/a><\/li>\n<li class=\"kazalo\"><a href=\"#pihalne\">Music for brass orchestras<\/a><\/li>\n<li class=\"kazalo\"><a href=\"#klasicna\">Serious music<\/a><\/li>\n<li class=\"kazalo\"><a href=\"#zborovska\">Choral music<\/a><\/li>\n<li class=\"kazalo\"><a href=\"#popevke\">Popular songs<\/a><\/li>\n<li class=\"kazalo\"><a href=\"#muzikl\">Musical<\/a><\/li>\n<li class=\"kazalo\"><a href=\"#sanson\">Chanson<\/a><\/li>\n<li class=\"kazalo\"><a href=\"#lutkovne\">Compositions and arrangements for the young<\/a><\/li>\n<li class=\"kazalo\"><a href=\"#drugo\">Other<\/a><\/li>\n<\/ul>\n<\/li>\n<li><a href=\"#aranzer\">Bojan Adami\u010d, music arranger<\/a><\/li>\n<li><a href=\"#dirigent\">Bojan Adami\u010d, conductor<\/a><\/li>\n<\/ol>\n<p class=\"separatorRoman\"><a name=\"avtor\">1<\/a><\/p>\n<h2>Bojan Adami\u010d, composer<\/h2>\n<div class=\"sep-news\">\n<h3><a name=\"filmska\">Film scores<\/a><\/h3>\n<ul class=\"lista\">\n<li>\n<h4 class=\"no-padding-top\"><a href=\"http:\/\/www.youtube.com\/watch?v=aFi5YDsbuFQ\">Am Sonntag will mein S\u00fcsser mit mir segeln gehn (1961)<\/a><\/h4>\n<\/li>\n<li>\n<h4><a href=\"http:\/\/www.genspot.com\/SearchResults.aspx?search_for=bekstva&#038;type=ALL\">Bekstva (1968)<\/a><\/h4>\n<\/li>\n<li>\n<h4><a href=\"http:\/\/www.youtube.com\/watch?v=eaA3pRPGh_0\">Boj na po\u017eiralniku (1982)<\/a><\/h4>\n<\/li>\n<li>\n<h4><a href=\"http:\/\/www.youtube.com\/watch?v=16UKbSKpuyw\">Bokseri idu u raj (1967)<\/a><\/h4>\n<\/li>\n<li>\n<h4><a href=\"http:\/\/www.youtube.com\/watch?v=fhpTVrG_3nc\">Cipelice na asfaltu (1956)<\/a><\/h4>\n<\/li>\n<li>\n<h4><a href=\"http:\/\/www.genspot.com\/video-112240\/diverzanti-1-del.aspx\">Diverzanti (1967)<\/a><br \/><a href=\"http:\/\/www.genspot.com\/video-112244\/diverzanti-2-del.aspx\">2. del<\/a> | <a href=\"http:\/\/www.genspot.com\/video-112247\/diverzanti-3-del.aspx\">3. del<\/a><\/h4>\n<\/li>\n<li>\n<h4><a href=\"http:\/\/www.youtube.com\/watch?v=AzOr6s2aVOo\">Dobra kob (1964)<\/a><\/h4>\n<\/li>\n<li>\n<h4><a href=\"http:\/\/www.youtube.com\/watch?v=wWpduMe_4k8\">Jara Gospoda (1953)<\/a><\/h4>\n<\/li>\n<li>\n<h4><a href=\"http:\/\/www.youtube.com\/watch?v=tEl5E6eYScs\">Kek\u010deve ukane (1968)<\/a><\/h4>\n<\/li>\n<li>\n<h4><a href=\"http:\/\/www.youtube.com\/watch?v=M_O0iUBr24w&#038;feature=related\">Ma\u0161karada (1971)<\/a><\/h4>\n<\/li>\n<li>\n<h4><a href=\"http:\/\/www.youtube.com\/watch?v=4BKvQTMU2Qs\">Nasvidenje v naslednji vojni (1980)<\/a><\/h4>\n<\/li>\n<li>\n<h4><a href=\"http:\/\/www.youtube.com\/watch?v=C0FS8rNecI0\">Ogenj, voda in srce (1972)<\/a><\/h4>\n<\/li>\n<li>\n<h4><a href=\"http:\/\/www.youtube.com\/watch?feature=player_embedded&#038;v=lpoR7tGpayU\">Partizanska eskadrila (1979)<\/a><\/h4>\n<\/li>\n<li>\n<h4><a href=\"http:\/\/www.youtube.com\/watch?v=hhZdYZjCdeU\">Pismo glava (1983)<\/a><\/h4>\n<\/li>\n<li>\n<h4><a href=\"http:\/\/www.youtube.com\/watch?v=ncuX0lrbIyo\">Ples v de\u017eju &ndash; Blues hrepenenja (1961)<\/a><\/h4>\n<\/li>\n<li>\n<h4><a href=\"https:\/\/www.youtube.com\/watch?v=wEEIFYK2Sb0&#038;feature=related\">Pomladno hrepenenje<\/a><\/h4>\n<p class=\"no-padding-top\">Skladba iz filma <em>Vesna<\/em> (solist Anja Bukovec, violina)<\/p>\n<\/li>\n<li>\n<h4><a href=\"http:\/\/www.genspot.com\/video-192291\/samorastniki-1-del.aspx\">Samorastniki (1963)<\/a><\/h4>\n<\/li>\n<li>\n<h4><a href=\"http:\/\/www.youtube.com\/watch?v=h_euqfa_yEY\">Si te vdiset (1972)<\/a><\/h4>\n<\/li>\n<li>\n<h4><a href=\"http:\/\/www.youtube.com\/watch?v=r0Q-r0OUpes\">Signali nad gradom (1960)<\/a><\/h4>\n<\/li>\n<li>\n<h4><a href=\"http:\/\/www.youtube.com\/watch?v=7307giccChI\">Subotom uve\u010de (1957)<\/a><\/h4>\n<\/li>\n<li>\n<h4><a href=\"http:\/\/www.youtube.com\/watch?v=mvbZP_e7ncQ\">Trenutki odlo\u010ditve (1955)<\/a><\/h4>\n<\/li>\n<li>\n<h4><a href=\"http:\/\/www.youtube.com\/watch?feature=player_embedded&#038;v=BTTba7tje8o\">Valter brani Sarajevo (1972)<\/a><\/h4>\n<\/li>\n<li>\n<h4><a href=\"http:\/\/www.genspot.com\/video-97727\/vesna-1-del.aspx\">Vesna (1953)<\/a><br \/><a href=\"http:\/\/www.genspot.com\/video-97730\/vesna-2-del.aspx\">2. del<\/a> | <a href=\"http:\/\/www.genspot.com\/video-97820\/vesna-3-del.aspx\">3. del<\/a> | <a href=\"http:\/\/www.genspot.com\/video-97827\/vesna-4-del.aspx\">4. del<\/a><\/h4>\n<\/li>\n<\/ul>\n<\/div>\n<div class=\"sep-news\">\n<h3><a name=\"pihalne\">Music for brass orchestras<\/a><\/h3>\n<ul class=\"lista\">\n<li>\n<h4 class=\"nopading\"><a href=\"http:\/\/www.youtube.com\/watch?v=b0WjUI8zzHU\">Cik cak polka<\/a><\/h4>\n<p class=\"nopading\">Konservatorij za glasbo in balet Ljubljana<\/p>\n<p><em>Cik cak polka<\/em> by other performers &ndash; <a href=\"http:\/\/www.youtube.com\/watch?v=EFyPdx8PiTI\">Postojnska godba<\/a>, <a href=\"http:\/\/www.youtube.com\/watch?v=z4wb9osgC0g\">Godba Lukovica<\/a>.<\/p>\n<\/li>\n<li>\n<h4><a href=\"http:\/\/www.youtube.com\/watch?v=QiODnnNwilo\">\u010cisto ni\u010d fletna<\/a><\/h4>\n<p class=\"nopading\">Godba slovenskih \u017eeleznic<\/p>\n<\/li>\n<li>\n<h4><a href=\"http:\/\/www.youtube.com\/user\/TheIMCSlovenija?blend=22&#038;ob=5#p\/u\/0\/kdxa4h6Ib54\">Fi\u010d firi\u010d<\/a><\/h4>\n<p class=\"nopading\">La\u0161ka pihalna godba<\/p>\n<p><em>Fi\u010d firi\u010d<\/em>  by other performers &ndash; <a href=\"http:\/\/www.youtube.com\/watch?v=fdGHjEsNU6E\">Godba Dom\u017eale<\/a>.<\/p>\n<\/li>\n<li>\n<h4><a href=\"http:\/\/www.youtube.com\/watch?v=5gWcqX_C9Cc\">Galop za tri trobente<\/a><\/h4>\n<p class=\"nopading\">Gori\u0161ki pihalni orkester<\/p>\n<\/li>\n<li>\n<h4><a href=\"http:\/\/www.youtube.com\/watch?v=WbOe_lVF7l0\">Gas do daske &ndash; za dva klarineta in orkester<\/a><\/h4>\n<p class=\"nopading\">Pihalni orkester Krka<\/p>\n<p><em>Gas do daske<\/em> by other performers &ndash; <a href=\"http:\/\/www.youtube.com\/watch?v=ZR_qYvchvgE\">Pihalni orkester Kr\u0161ko<\/a>.<\/p>\n<\/li>\n<li>\n<h4><a href=\"http:\/\/vimeo.com\/42958267\">Koktel zavr\u0161no kolo<\/a><\/h4>\n<p class=\"nopading\">Papirni\u0161ki pihalni orkester Vev\u010de  (v arr. B. Gaji\u0107a, solo: Aljo\u0161a Deferri, klarinet)<\/p>\n<\/li>\n<li>\n<h4><a href=\"http:\/\/vimeo.com\/42927756\">Nemirika<\/a><\/h4>\n<p class=\"nopading\">Papirni\u0161ki pihalni orkester Vev\u010de<\/p>\n<\/li>\n<li>\n<h4><a href=\"http:\/\/www.youtube.com\/watch?v=qT1PotnGQls\">Pozdravi iz Slovenije<\/a><\/h4>\n<p class=\"nopading\">Univerzitetni pihalni orkester Ljubljana<\/p>\n<p><em>Pozdravi iz Slovenije<\/em>  by other performers &ndash; <a href=\"http:\/\/www.youtube.com\/watch?v=a9rR8TmFeQA\">PO \u0160entjur<\/a>, <a href=\"http:\/\/www.youtube.com\/watch?v=Giu6xeb_QZw\">Gradski PO Kri\u017eevci<\/a>, <a href=\"http:\/\/www.youtube.com\/watch?v=XZaRWxjMJl4\">Musikverein Breitenau<\/a>, <a href=\"http:\/\/www.youtube.com\/watch?v=0jkvr3q09W0\">Gradski puha\u010dki orkestar Kri\u017eevci<\/a> and <a href=\"http:\/\/www.youtube.com\/watch?v=KkBDSp1v4N8\">UPOL Zavod lepih umetnosti<\/a>.<\/p>\n<\/li>\n<li>\n<h4><a href=\"http:\/\/www.youtube.com\/watch?v=F7g52lEplCU\">Suita za klarinet in orkester<\/a><\/h4>\n<p class=\"nopading\">Limena glasba Pazin<\/p>\n<\/li>\n<li>\n<h4><a href=\"http:\/\/vimeo.com\/42958270\">Suita za pihalni orkester<\/a><\/h4>\n<p class=\"nopading\">Papirni\u0161ki pihalni orkester Vev\u010de<\/p>\n<p><em>Suita za pihalni orkester<\/em>  by other performers &ndash; <a href=\"http:\/\/www.youtube.com\/watch?feature=endscreen&#038;v=6tOoUydmQvU&#038;NR=1\">Mladinski pihalni orkester Zveze slovenskih godb<\/a>.<\/p>\n<\/li>\n<li>\n<h4><a href=\"http:\/\/www.youtube.com\/watch?v=rZ5c064oTwg\">Tra ta ta<\/a><\/h4>\n<p class=\"nopading\">Konservatorij za glasbo in balet Ljubljana<\/p>\n<p><em>Tra ta ta<\/em>  by other performers &ndash; <a href=\"http:\/\/www.youtube.com\/watch?v=wBxSSVvnJb4&#038;feature=related\">Godba slovenskih \u017eeleznic<\/a>, <a href=\"http:\/\/www.youtube.com\/watch?v=x3Y7mokTRrs&#038;feature=related\">Pihalni orkester Logatec<\/a> and <a href=\"http:\/\/www.youtube.com\/watch?v=0vyEuXOBRd0\">Godba Alpina \u017diri &amp; MOPZ Alpina<\/a>.<\/p>\n<\/li>\n<li>\n<h4><a href=\"http:\/\/www.youtube.com\/watch?v=IabICvd7B_w&#038;feature=related\">Z omejeno brzino<\/a><\/h4>\n<p class=\"nopading\">Univerzitetni pihalni orkester Ljubljana<\/p>\n<p><em>Z omejeno brzino<\/em> by other performers &ndash; <a href=\"http:\/\/www.youtube.com\/watch?v=KTmPJxtCvhU\">UPOL Zavod lepih umetnosti<\/a>.<\/p>\n<\/li>\n<li>\n<h4><a href=\"http:\/\/www.youtube.com\/watch?v=QBF2_4o4SEI\">Zgodbica v \u0161tirih delih<\/a><\/h4>\n<p class=\"nopading\">Pihalni orkester Koper<\/p>\n<\/li>\n<\/ul>\n<\/div>\n<div class=\"sep-news\">\n<h3><a name=\"klasicna\">Serious music<\/a><\/h3>\n<ul class=\"lista\">\n<li>\n<h4 class=\"nopading\"><a href=\"http:\/\/www.youtube.com\/watch?v=rfFUFjkGgdM\">\u010cez tri gore<\/a><\/h4>\n<p class=\"nopading\">OrkesterkamP symphony (mednarodni projektni orkester)<\/p>\n<\/li>\n<li>\n<h4><a href=\"http:\/\/www.youtube.com\/watch?v=B7GofxsbvH8&#038;feature=related\">Igra\u010dkanje<\/a><\/h4>\n<\/li>\n<li>\n<h4><a href=\"http:\/\/www.youtube.com\/watch?v=Ewi3JFNzAzY&#038;feature=youtube_gdata\">Tinkara&#8217;s birthday<\/a><\/h4>\n<p class=\"nopading\">Andrej Zupan<\/p>\n<\/li>\n<\/ul>\n<\/div>\n<div class=\"sep-news\">\n<h3><a name=\"zborovska\">Choral music<\/a><\/h3>\n<ul class=\"lista\">\n<li>\n<h4 class=\"nopading\"><a href=\"http:\/\/www.youtube.com\/watch?v=NUgC_HqEpsA\">\u010ce zapojemo veselo<\/a><\/h4>\n<p class=\"nopading\">\u017denski pevski zbor Kombinat<\/p>\n<\/li>\n<li>\n<h4><a href=\"http:\/\/www.youtube.com\/watch?v=a7G21oY9CEw\">V Gorjah zvoni<\/a><\/h4>\n<p class=\"nopading\">Vokalna skupina ZAPET<\/p>\n<\/li>\n<\/ul>\n<\/div>\n<div class=\"sep-news\">\n<h3><a name=\"popevke\">Popular songs<\/a><\/h3>\n<ul class=\"lista\">\n<li>\n<h4 class=\"nopading\"><a href=\"http:\/\/www.youtube.com\/watch?v=iCjRelhqInw\">Ko bo\u0161 pri\u0161la na Bled<\/a><\/h4>\n<p class=\"nopading\">Jelka Cvete\u017ear<\/p>\n<p><em>Ko bo\u0161 pri\u0161la na Bled<\/em> by other performers &ndash; <a href=\"http:\/\/www.youtube.com\/watch?v=GJBkZRritxY\">Big Band DOM<\/a>, <a href=\"http:\/\/www.youtube.com\/watch?v=xlPkGxj2ZDw\">Pihalni orkester Kostanjevica na Krki with Alenka Godec<\/a>, <a href=\"http:\/\/www.youtube.com\/watch?v=_8cBwMWvj10&#038;feature=related\">JaZz in Ti big band<\/a>, <a href=\"http:\/\/www.youtube.com\/watch?v=eSdD5Q3vcWA&#038;feature=related\">Oktet 9<\/a>, <a href=\"http:\/\/www.youtube.com\/watch?v=_Z-kSmBUKJs\">Mladi upi<\/a>, and <a href=\"http:\/\/www.youtube.com\/watch?v=kMHz1p5Xuqc\">Mitja Drozg<\/a>.<\/p>\n<\/li>\n<li>\n<h4><a href=\"http:\/\/yukebox.blogspot.com\/2008\/07\/sonja-gabrek.html\">I\u0161\u010demo o\u010dka<\/a><\/h4>\n<p class=\"nopading\">Sonja Gabr\u0161\u010dek<\/p>\n<\/li>\n<li>\n<h4><a href=\"http:\/\/www.youtube.com\/watch?v=uMfL_UGs4K8 \">Prelepa si bela Ljubljana <\/a><\/h4>\n<p class=\"nopading\">Iva Stani\u010d<\/p>\n<\/li>\n<li>\n<h4><a href=\"http:\/\/www.youtube.com\/watch?v=t3wDxK0RYYE\">Zakaj <\/a><\/h4>\n<p class=\"nopading\">Lado Leskovar <\/p>\n<\/li>\n<\/ul>\n<\/div>\n<div class=\"sep-news\">\n<h3><a name=\"muzikl\">Musical<\/a><\/h3>\n<ul class=\"lista\">\n<li>\n<h4 class=\"nopading\"><a href=\"http:\/\/www.youtube.com\/watch?v=KjEImsUt_Ns\">Snegulj\u010dica<\/a><\/h4>\n<p class=\"nopading\">Godbeno dru\u0161tvo rudarjev Idrija<\/p>\n<\/li>\n<\/ul>\n<\/div>\n<div class=\"sep-news\">\n<h3><a name=\"sanson\">Chanson<\/a><\/h3>\n<ul class=\"lista\">\n<li>\n<h4 class=\"nopading\"><a href=\"http:\/\/www.youtube.com\/watch?v=L0B-fd2U9RQ\">Nikdar ne bo\u0161 znala<\/a><\/h4>\n<p class=\"nopading\">Feri Lain\u0161\u010dek in Dorina Gujt<\/p>\n<\/li>\n<\/ul>\n<\/div>\n<div class=\"sep-news\">\n<h3><a name=\"lutkovne\">Compositions and arrangements for the young<\/a><\/h3>\n<ul class=\"lista\">\n<li>\n<h4 class=\"nopading\"><a href=\"http:\/\/www.youtube.com\/watch?v=WKjMEUyjr_M\">\u017dogica Marogica<\/a><\/h4>\n<p class=\"nopading\">Lutkovno gledali\u0161\u010de Ljubljana<\/p>\n<\/li>\n<li>\n<h4><a href=\"http:\/\/www.youtube.com\/watch?v=sEDDSHtouo4&#038;feature=related\">Zvezdica zaspanka<\/a><\/h4>\n<\/li>\n<\/ul>\n<\/div>\n<h3><a name=\"drugo\">Other<\/a><\/h3>\n<ul class=\"lista\">\n<li>\n<h4 class=\"nopading\"><a href=\"http:\/\/www.youtube.com\/watch?v=7qzFcRja7Ls\">\u010ca je \u010da<\/a><\/h4>\n<p class=\"nopading\">Milka \u010cakarun Lenac &ndash; Melodije Istra i Kvarnera concert (1975)<\/p>\n<\/li>\n<\/ul>\n<p><a href=\"#top\">Top of the page<\/a><\/p>\n<p class=\"separatorRoman\"><a name=\"aranzer\">2<\/a><\/p>\n<h2>Bojan Adami\u010d, music arranger<\/h2>\n<ul class=\"lista\">\n<li>\n<h4 class=\"nopading\"><a href=\"http:\/\/www.youtube.com\/watch?v=Xwe_ZMi3HjI\">Slovenska ljudska pesem: V Gorjah zvoni<\/a><\/h4>\n<p class=\"nopading\">Slovenski oktet<\/p>\n<\/li>\n<li>\n<h4><a href=\"http:\/\/www.youtube.com\/watch?v=aU-ka1Z5Koc\">Spomin &ndash; avtor Slavko Avsenik, aran\u017eer Bojan Adami\u010d<\/a><\/h4>\n<p class=\"nopading\">Simfoni\u010dni orkester SNG Maribor<\/p>\n<p><em>Spomin<\/em> by other performers &ndash; <a href=\"http:\/\/www.youtube.com\/watch?v=vtKHYkqdQTQ\">Mladi filharmoniki NOVA<\/a>.<\/p>\n<\/li>\n<li>\n<h4><a href=\"http:\/\/www.youtube.com\/watch?v=YoERHntKjf0&#038;feature=related \">Mari\u010dka<\/a><\/h4>\n<p class=\"nopading\">Avtor Frane Mil\u010dinski &ndash; Je\u017eek, aran\u017eer Bojan Adami\u010d, poje Frane Mil\u010dinski &ndash; Je\u017eek<\/p>\n<\/li>\n<li>\n<h4><a href=\"http:\/\/www.youtube.com\/watch?v=Iot9th8Ao-w&#038;feature=related \">Cinca marinca<\/a><\/h4>\n<p class=\"nopading\">Avtor Frane Mil\u010dinski &ndash; Je\u017eek, aran\u017eer Bojan Adami\u010d, poje Frane Mil\u010dinski &ndash; Je\u017eek<\/p>\n<\/li>\n<\/ul>\n<p><a href=\"#top\">Top of the page<\/a><\/p>\n<p class=\"separatorRoman\"><a name=\"dirigent\">3<\/a><\/p>\n<h2>Bojan Adami\u010d, conductor<\/h2>\n<ul class=\"lista\">\n<li>\n<h4 class=\"nopading\"><a href=\"http:\/\/www.youtube.com\/watch?v=UbBfgzR8QT8\">Plave daljine (1960)<\/a><\/h4>\n<p class=\"nopading\">Gabi Novak<\/p>\n<\/li>\n<\/ul>\n<p><a href=\"#top\">Top of the page<\/a><\/p>\n<\/div>\n<div class=\"sidebar\">\n<ul id=\"navSide\" class=\"mrg\">\n<li><a href=\"\/en\/biography\/\">Biography<\/a><\/li>\n<li><a href=\"\/en\/awards-and-prizes\/\">Awards and prizes<\/a><\/li>\n<li><a class=\"submenu\" href=\"\/en\/music\/\">Music<\/a><\/li>\n<li><a class=\"select\" href=\"\/en\/audio-video\/\">Audio\/Video<\/a><\/li>\n<li><a href=\"\/en\/gallery\/\">Photogallery<\/a><\/li>\n<\/ul>\n","protected":false},"excerpt":{"rendered":"<p>Music by Bojan Adami\u010d The oeuvre of Bojan Adami\u010d is very comprehensive \u2013 he composed music for more than 200 Slovene and foreign films, and also contributed to popular and jazz music. Part of his work can be listened to on the following links. Bojan Adami\u010d, composer Film scores Music for brass orchestras Serious music [&hellip;]<\/p>\n","protected":false},"author":1,"featured_media":0,"parent":0,"menu_order":0,"comment_status":"open","ping_status":"open","template":"podstrani.php","meta":{"footnotes":""},"_links":{"self":[{"href":"https:\/\/www.bojan-adamic.si\/en\/wp-json\/wp\/v2\/pages\/176"}],"collection":[{"href":"https:\/\/www.bojan-adamic.si\/en\/wp-json\/wp\/v2\/pages"}],"about":[{"href":"https:\/\/www.bojan-adamic.si\/en\/wp-json\/wp\/v2\/types\/page"}],"author":[{"embeddable":true,"href":"https:\/\/www.bojan-adamic.si\/en\/wp-json\/wp\/v2\/users\/1"}],"replies":[{"embeddable":true,"href":"https:\/\/www.bojan-adamic.si\/en\/wp-json\/wp\/v2\/comments?post=176"}],"version-history":[{"count":16,"href":"https:\/\/www.bojan-adamic.si\/en\/wp-json\/wp\/v2\/pages\/176\/revisions"}],"predecessor-version":[{"id":211,"href":"https:\/\/www.bojan-adamic.si\/en\/wp-json\/wp\/v2\/pages\/176\/revisions\/211"}],"wp:attachment":[{"href":"https:\/\/www.bojan-adamic.si\/en\/wp-json\/wp\/v2\/media?parent=176"}],"curies":[{"name":"wp","href":"https:\/\/api.w.org\/{rel}","templated":true}]}}