{"id":29,"date":"2011-12-20T18:40:25","date_gmt":"2011-12-20T17:40:25","guid":{"rendered":"http:\/\/www.bojan-adamic.si\/en\/?page_id=29"},"modified":"2025-02-03T00:35:33","modified_gmt":"2025-02-02T23:35:33","slug":"gallery","status":"publish","type":"page","link":"https:\/\/www.bojan-adamic.si\/en\/gallery\/","title":{"rendered":"Photogallery"},"content":{"rendered":"<div class=\"contentGallery\">\n<h1><a name=\"top\">Photogallery<\/a><\/h1>\n<ol id=\"listKazalo\">\n<li><a href=\"#utrinki\">Moments in the life of Bojan Adami\u010d.<\/a><\/li>\n<li><a href=\"#pustne\">Various carnival masks by Bojan Adami\u010d<\/a><\/li>\n<\/ol>\n<p class=\"separatorRoman\"><a name=\"utrinki\">1<\/a><\/p>\n<h2>Moments in the life of Bojan Adami\u010d<\/h2>\n<div>\n<div class=\"highslide__wrapper\"><a href=\"http:\/\/www.bojan-adamic.si\/en\/wp-content\/themes\/adamic\/galerija\/galerija-01.jpg\" class=\"highslide highslide_full\" onclick=\"return hs.expand(this)\"><img decoding=\"async\" src=\"http:\/\/www.bojan-adamic.si\/en\/wp-content\/themes\/adamic\/galerija\/galerija-01-tn.jpg\" alt=\"Highslide JS\" title=\"Click to enlarge\" \/><\/a><\/p>\n<div class=\"highslide-caption\">Playing at Roga\u0161ka Slatina in 1932. The photo shows the following musicians: Windi\u0161, Samec, Zajc, \u0160ivic, Dermelj, Lesjak and Adami\u010d.<\/div>\n<\/div>\n<div class=\"highslide__wrapper\"><a href=\"http:\/\/www.bojan-adamic.si\/en\/wp-content\/themes\/adamic\/galerija\/galerija-02.jpg\" class=\"highslide highslide_full\" onclick=\"return hs.expand(this)\"><img decoding=\"async\" src=\"http:\/\/www.bojan-adamic.si\/en\/wp-content\/themes\/adamic\/galerija\/galerija-02-tn.jpg\" alt=\"Highslide JS\" title=\"Click to enlarge\" \/><\/a><\/p>\n<div class=\"highslide-caption\">The Adami\u010d home at Ribnica in 1921 (on the cart mother Marija with daughter Antonija, back: father Anton, sitting: Bojan).<\/div>\n<\/div>\n<div class=\"highslide__wrapper\"><a href=\"http:\/\/www.bojan-adamic.si\/en\/wp-content\/themes\/adamic\/galerija\/galerija-03.jpg\" class=\"highslide highslide_full\" onclick=\"return hs.expand(this)\"><img decoding=\"async\" src=\"http:\/\/www.bojan-adamic.si\/en\/wp-content\/themes\/adamic\/galerija\/galerija-03-tn.jpg\" alt=\"Highslide JS\" title=\"Click to enlarge\" \/><\/a><\/p>\n<div class=\"highslide-caption\">In 1942 Bojan Adami\u010d had a review performance at the Franciscan hall in Ljubljana. From left  to right: Bojan Adami\u010d, Vlado Golob, Samo Hubad and Leon Ponikvar.<\/div>\n<\/div>\n<div class=\"highslide__wrapper\"><a href=\"http:\/\/www.bojan-adamic.si\/en\/wp-content\/themes\/adamic\/galerija\/galerija-04.jpg\" class=\"highslide highslide_full\" onclick=\"return hs.expand(this)\"><img decoding=\"async\" src=\"http:\/\/www.bojan-adamic.si\/en\/wp-content\/themes\/adamic\/galerija\/galerija-04-tn.jpg\" alt=\"Highslide JS\" title=\"Click to enlarge\" \/><\/a><\/p>\n<div class=\"highslide-caption\">Bojan Adami\u010d and Barbara \u010cerni\u010d as members of the Partisans.<\/div>\n<\/div>\n<div class=\"highslide__wrapper\"><a href=\"http:\/\/www.bojan-adamic.si\/en\/wp-content\/themes\/adamic\/galerija\/galerija-05.jpg\" class=\"highslide highslide_full\" onclick=\"return hs.expand(this)\"><img decoding=\"async\" src=\"http:\/\/www.bojan-adamic.si\/en\/wp-content\/themes\/adamic\/galerija\/galerija-05-tn.jpg\" alt=\"Highslide JS\" title=\"Click to enlarge\" \/><\/a><\/p>\n<div class=\"highslide-caption\">Bojan Adami\u010d \u2013 conductor.<\/div>\n<\/div>\n<div class=\"highslide__wrapper\"><a href=\"http:\/\/www.bojan-adamic.si\/en\/wp-content\/themes\/adamic\/galerija\/galerija-06.jpg\" class=\"highslide highslide_full\" onclick=\"return hs.expand(this)\"><img decoding=\"async\" src=\"http:\/\/www.bojan-adamic.si\/en\/wp-content\/themes\/adamic\/galerija\/galerija-06-tn.jpg\" alt=\"Highslide JS\" title=\"Click to enlarge\" \/><\/a><\/p>\n<div class=\"highslide-caption\">Performances during the War.<\/div>\n<\/div>\n<div class=\"highslide__wrapper\"><a href=\"http:\/\/www.bojan-adamic.si\/en\/wp-content\/themes\/adamic\/galerija\/galerija-07.jpg\" class=\"highslide highslide_full\" onclick=\"return hs.expand(this)\"><img decoding=\"async\" src=\"http:\/\/www.bojan-adamic.si\/en\/wp-content\/themes\/adamic\/galerija\/galerija-07-tn.jpg\" alt=\"Highslide JS\" title=\"Click to enlarge\" \/><\/a><\/p>\n<div class=\"highslide-caption\">Organ.<\/div>\n<\/div>\n<div class=\"highslide__wrapper\"><a href=\"http:\/\/www.bojan-adamic.si\/en\/wp-content\/themes\/adamic\/galerija\/galerija-08.jpg\" class=\"highslide highslide_full\" onclick=\"return hs.expand(this)\"><img decoding=\"async\" src=\"http:\/\/www.bojan-adamic.si\/en\/wp-content\/themes\/adamic\/galerija\/galerija-08-tn.jpg\" alt=\"Highslide JS\" title=\"Click to enlarge\" \/><\/a><\/p>\n<div class=\"highslide-caption\">Performance at Dobrna in 1938.<\/div>\n<\/div>\n<div class=\"highslide__wrapper\"><a href=\"http:\/\/www.bojan-adamic.si\/en\/wp-content\/themes\/adamic\/galerija\/galerija-09.jpg\" class=\"highslide highslide_full\" onclick=\"return hs.expand(this)\"><img decoding=\"async\" src=\"http:\/\/www.bojan-adamic.si\/en\/wp-content\/themes\/adamic\/galerija\/galerija-09-tn.jpg\" alt=\"Highslide JS\" title=\"Click to enlarge\" \/><\/a><\/p>\n<div class=\"highslide-caption\">Bojan Adami\u010d \u2013 pianist (1932).<\/div>\n<\/div>\n<div class=\"highslide__wrapper\"><a href=\"http:\/\/www.bojan-adamic.si\/en\/wp-content\/themes\/adamic\/galerija\/galerija-10.jpg\" class=\"highslide highslide_full\" onclick=\"return hs.expand(this)\"><img decoding=\"async\" src=\"http:\/\/www.bojan-adamic.si\/en\/wp-content\/themes\/adamic\/galerija\/galerija-10-tn.jpg\" alt=\"Highslide JS\" title=\"Click to enlarge\" \/><\/a><\/p>\n<div class=\"highslide-caption\">Military band of the Slovenian Headquarters (August 1944).<\/div>\n<\/div>\n<div class=\"highslide__wrapper\"><a href=\"http:\/\/www.bojan-adamic.si\/wp-content\/themes\/adamic\/galerija\/galerija-11-bojan-adamic-na-snemanju.jpg\" class=\"highslide highslide_full\" onclick=\"return hs.expand(this)\"><img decoding=\"async\" src=\"http:\/\/www.bojan-adamic.si\/wp-content\/themes\/adamic\/galerija\/galerija-11-bojan-adamic-na-snemanju-tn.jpg\" alt=\"Highslide JS\" title=\"Kliknite za pove\u010davo\" \/><\/a><\/p>\n<div class=\"highslide-caption\">In studio.<\/div>\n<\/div>\n<div class=\"highslide__wrapper\"><a href=\"http:\/\/www.bojan-adamic.si\/wp-content\/themes\/adamic\/galerija\/galerija-12-bojan-adamic-z-marsalom-titom.jpg\" class=\"highslide highslide_full\" onclick=\"return hs.expand(this)\"><img decoding=\"async\" src=\"http:\/\/www.bojan-adamic.si\/wp-content\/themes\/adamic\/galerija\/galerija-12-bojan-adamic-z-marsalom-titom-tn.jpg\" alt=\"Highslide JS\" title=\"Kliknite za pove\u010davo\" \/><\/a><\/p>\n<div class=\"highslide-caption\">Bojan Adami\u010d with Tito.<\/div>\n<\/div>\n<div class=\"spacer\"><\/div>\n<\/div>\n<p class=\"separatorRoman\"><a name=\"pustne\">2<\/a><\/p>\n<h2>Various carnival masks by Bojan Adami\u010d<\/h2>\n<div>\n<div class=\"highslide__wrapper\"><a href=\"http:\/\/www.bojan-adamic.si\/wp-content\/themes\/adamic\/galerija\/pustna-maska-01.jpg\" class=\"highslide highslide_full\" onclick=\"return hs.expand(this)\"><img decoding=\"async\" src=\"http:\/\/www.bojan-adamic.si\/wp-content\/themes\/adamic\/galerija\/pustna-maska-01-tn.jpg\" alt=\"Highslide JS\" title=\"Click to enlarge\" \/><\/a><\/p>\n<div class=\"highslide-caption\"><\/div>\n<\/div>\n<div class=\"highslide__wrapper\"><a href=\"http:\/\/www.bojan-adamic.si\/wp-content\/themes\/adamic\/galerija\/pustna-maska-02.jpg\" class=\"highslide highslide_full\" onclick=\"return hs.expand(this)\"><img decoding=\"async\" src=\"http:\/\/www.bojan-adamic.si\/wp-content\/themes\/adamic\/galerija\/pustna-maska-02-tn.jpg\" alt=\"Highslide JS\" title=\"Click to enlarge\" \/><\/a><\/p>\n<div class=\"highslide-caption\"><\/div>\n<\/div>\n<div class=\"highslide__wrapper\"><a href=\"http:\/\/www.bojan-adamic.si\/wp-content\/themes\/adamic\/galerija\/pustna-maska-03.jpg\" class=\"highslide highslide_full\" onclick=\"return hs.expand(this)\"><img decoding=\"async\" src=\"http:\/\/www.bojan-adamic.si\/wp-content\/themes\/adamic\/galerija\/pustna-maska-03-tn.jpg\" alt=\"Highslide JS\" title=\"Click to enlarge\" \/><\/a><\/p>\n<div class=\"highslide-caption\"><\/div>\n<\/div>\n<div class=\"highslide__wrapper\"><a href=\"http:\/\/www.bojan-adamic.si\/wp-content\/themes\/adamic\/galerija\/pustna-maska-04.jpg\" class=\"highslide highslide_full\" onclick=\"return hs.expand(this)\"><img decoding=\"async\" src=\"http:\/\/www.bojan-adamic.si\/wp-content\/themes\/adamic\/galerija\/pustna-maska-04-tn.jpg\" alt=\"Highslide JS\" title=\"Click to enlarge\" \/><\/a><\/p>\n<div class=\"highslide-caption\"><\/div>\n<\/div>\n<div class=\"highslide__wrapper\"><a href=\"http:\/\/www.bojan-adamic.si\/wp-content\/themes\/adamic\/galerija\/pustna-maska-05.jpg\" class=\"highslide highslide_full\" onclick=\"return hs.expand(this)\"><img decoding=\"async\" src=\"http:\/\/www.bojan-adamic.si\/wp-content\/themes\/adamic\/galerija\/pustna-maska-05-tn.jpg\" alt=\"Highslide JS\" title=\"Click to enlarge\" \/><\/a><\/p>\n<div class=\"highslide-caption\"><\/div>\n<\/div>\n<div class=\"highslide__wrapper\"><a href=\"http:\/\/www.bojan-adamic.si\/wp-content\/themes\/adamic\/galerija\/pustna-maska-06.jpg\" class=\"highslide highslide_full\" onclick=\"return hs.expand(this)\"><img decoding=\"async\" src=\"http:\/\/www.bojan-adamic.si\/wp-content\/themes\/adamic\/galerija\/pustna-maska-06-tn.jpg\" alt=\"Highslide JS\" title=\"Click to enlarge\" \/><\/a><\/p>\n<div class=\"highslide-caption\"><\/div>\n<\/div>\n<div class=\"highslide__wrapper\"><a href=\"http:\/\/www.bojan-adamic.si\/wp-content\/themes\/adamic\/galerija\/pustna-maska-07.jpg\" class=\"highslide highslide_full\" onclick=\"return hs.expand(this)\"><img decoding=\"async\" src=\"http:\/\/www.bojan-adamic.si\/wp-content\/themes\/adamic\/galerija\/pustna-maska-07-tn.jpg\" alt=\"Highslide JS\" title=\"Click to enlarge\" \/><\/a><\/p>\n<div class=\"highslide-caption\"><\/div>\n<\/div>\n<div class=\"highslide__wrapper\"><a href=\"http:\/\/www.bojan-adamic.si\/wp-content\/themes\/adamic\/galerija\/pustna-maska-08.jpg\" class=\"highslide highslide_full\" onclick=\"return hs.expand(this)\"><img decoding=\"async\" src=\"http:\/\/www.bojan-adamic.si\/wp-content\/themes\/adamic\/galerija\/pustna-maska-08-tn.jpg\" alt=\"Highslide JS\" title=\"Click to enlarge\" \/><\/a><\/p>\n<div class=\"highslide-caption\"><\/div>\n<\/div>\n<div class=\"highslide__wrapper\"><a href=\"http:\/\/www.bojan-adamic.si\/wp-content\/themes\/adamic\/galerija\/pustna-maska-09.jpg\" class=\"highslide highslide_full\" onclick=\"return hs.expand(this)\"><img decoding=\"async\" src=\"http:\/\/www.bojan-adamic.si\/wp-content\/themes\/adamic\/galerija\/pustna-maska-09-tn.jpg\" alt=\"Highslide JS\" title=\"Click to enlarge\" \/><\/a><\/p>\n<div class=\"highslide-caption\"><\/div>\n<\/div>\n<div class=\"spacer\"><\/div>\n<\/div>\n<\/div>\n<div class=\"sidebar\">\n<ul id=\"navSide\" class=\"mrg\">\n<li><a href=\"\/en\/biography\/\">Biography<\/a><\/li>\n<li><a href=\"\/en\/awards-and-prizes\/\">Awards and prizes<\/a><\/li>\n<li><a href=\"\/en\/music\/\">Music<\/a><\/li>\n<li><a class=\"select\" href=\"\/en\/gallery\/\">Photogallery<\/a><\/li>\n<\/ul>\n","protected":false},"excerpt":{"rendered":"<p>Photogallery Moments in the life of Bojan Adami\u010d. Various carnival masks by Bojan Adami\u010d 1 Moments in the life of Bojan Adami\u010d Playing at Roga\u0161ka Slatina in 1932. The photo shows the following musicians: Windi\u0161, Samec, Zajc, \u0160ivic, Dermelj, Lesjak and Adami\u010d. The Adami\u010d home at Ribnica in 1921 (on the cart mother Marija with [&hellip;]<\/p>\n","protected":false},"author":1,"featured_media":0,"parent":0,"menu_order":0,"comment_status":"open","ping_status":"open","template":"podstrani.php","meta":{"footnotes":""},"_links":{"self":[{"href":"https:\/\/www.bojan-adamic.si\/en\/wp-json\/wp\/v2\/pages\/29"}],"collection":[{"href":"https:\/\/www.bojan-adamic.si\/en\/wp-json\/wp\/v2\/pages"}],"about":[{"href":"https:\/\/www.bojan-adamic.si\/en\/wp-json\/wp\/v2\/types\/page"}],"author":[{"embeddable":true,"href":"https:\/\/www.bojan-adamic.si\/en\/wp-json\/wp\/v2\/users\/1"}],"replies":[{"embeddable":true,"href":"https:\/\/www.bojan-adamic.si\/en\/wp-json\/wp\/v2\/comments?post=29"}],"version-history":[{"count":9,"href":"https:\/\/www.bojan-adamic.si\/en\/wp-json\/wp\/v2\/pages\/29\/revisions"}],"predecessor-version":[{"id":434,"href":"https:\/\/www.bojan-adamic.si\/en\/wp-json\/wp\/v2\/pages\/29\/revisions\/434"}],"wp:attachment":[{"href":"https:\/\/www.bojan-adamic.si\/en\/wp-json\/wp\/v2\/media?parent=29"}],"curies":[{"name":"wp","href":"https:\/\/api.w.org\/{rel}","templated":true}]}}