{"id":35,"date":"2011-12-21T17:14:58","date_gmt":"2011-12-21T16:14:58","guid":{"rendered":"http:\/\/www.bojan-adamic.si\/en\/?page_id=35"},"modified":"2013-01-24T19:35:04","modified_gmt":"2013-01-24T18:35:04","slug":"about-the-project","status":"publish","type":"page","link":"https:\/\/www.bojan-adamic.si\/en\/about-the-project\/","title":{"rendered":"About the project"},"content":{"rendered":"<div class=\"content\">\n<h1>About the project<\/h1>\n<h2>Organization and coordination<\/h2>\n<p>The project was coordinated by Alenka Adami\u010d, daughter of Bojan Adami\u010d, in cooperation with:<\/p>\n<div class=\"sep-news\">\n<div class=\"clmn-content mrg-top\">\n<h4 class=\"no-padding-top black\">Chanson<\/h4>\n<\/div>\n<div class=\"clmn-wide-content mrg-top\">\n<ul class=\"lista no-padding-top\">\n<li>\n<p class=\"no-padding-top\">Vita Mavri\u010d, Cafe theater<\/p>\n<\/li>\n<li>\n<p class=\"no-padding-top\">Andrej Stra\u017ei\u0161ar, Cafe theater<\/p>\n<\/li>\n<\/ul>\n<\/div>\n<div class=\"spacer\"><\/div>\n<div class=\"separator-nadcrtano\">\n<div class=\"clmn-content\">\n<h4 class=\"no-padding-top black\">Concert by RTV Slovenia<\/h4>\n<\/div>\n<div class=\"clmn-wide-content\">\n<ul class=\"lista no-padding-top\">\n<li>\n<p>Hugo \u0160ekoranja, Big Band RTV Slovenia<\/p>\n<\/li>\n<li>\n<p>\u017darko Prin\u010di\u010d, conducter<\/p>\n<\/li>\n<\/ul>\n<\/div>\n<\/div>\n<div class=\"spacer\"><\/div>\n<div class=\"separator-nadcrtano\">\n<div class=\"clmn-content\">\n<h4 class=\"no-padding-top black\">Concert in Ribnica, Adami\u010d birth place<\/h4>\n<\/div>\n<div class=\"clmn-wide-content\">\n<ul class=\"lista no-padding-top\">\n<li>\n<p>Alenka Pahulje, Public fund for cultural activities of the Republic of Slovenia, Ribnica<\/p>\n<\/li>\n<li>\n<p>mag. Marina Gradi\u0161nik, Ribnica museum<\/p>\n<\/li>\n<\/ul>\n<\/div>\n<\/div>\n<div class=\"spacer\"><\/div>\n<div class=\"separator-nadcrtano\">\n<div class=\"clmn-content\">\n<h4 class=\"no-padding-top black\">Conservatory for music and ballet Ljubljana music school concerts<\/h4>\n<\/div>\n<div class=\"clmn-wide-content\">\n<ul class=\"lista no-padding-top\">\n<li>\n<p>Jo\u017ee Kregar, Conservatory for music and ballet Ljubljana<\/p>\n<\/li>\n<\/ul>\n<\/div>\n<\/div>\n<div class=\"spacer\"><\/div>\n<div class=\"separator-nadcrtano\">\n<div class=\"clmn-content\">\n<h4 class=\"no-padding-top black\">Digitalisation of documentary films by Bojan Adami\u010d<\/h4>\n<\/div>\n<div class=\"clmn-wide-content\">\n<ul class=\"lista no-padding-top\">\n<li>\n<p>Janez Megli\u010d, Studio MEG<\/p>\n<\/li>\n<\/ul>\n<\/div>\n<\/div>\n<div class=\"spacer\"><\/div>\n<div class=\"separator-nadcrtano\">\n<div class=\"clmn-content\">\n<h4 class=\"no-padding-top black\">Exhibition of notation publications, audio recordings and documents of Bojan Adami\u010d<\/h4>\n<\/div>\n<div class=\"clmn-wide-content\">\n<ul class=\"lista no-padding-top\">\n<li>\n<p>mag. Domen Prezelj, National and University Library, Ljubljana<\/p>\n<\/li>\n<\/ul>\n<\/div>\n<\/div>\n<div class=\"spacer\"><\/div>\n<div class=\"separator-nadcrtano\">\n<div class=\"clmn-content\">\n<h4 class=\"no-padding-top black\">Exhibition of photographic masterpieces on carnival masks<\/h4>\n<\/div>\n<div class=\"clmn-wide-content\">\n<ul class=\"lista no-padding-top\">\n<li>\n<p>Stanka Ga\u010dnik, Ptuj Regional Museum<\/p>\n<\/li>\n<\/ul>\n<\/div>\n<\/div>\n<div class=\"spacer\"><\/div>\n<div class=\"separator-nadcrtano\">\n<div class=\"clmn-content\">\n<h4 class=\"no-padding-top black\">Film music<\/h4>\n<\/div>\n<div class=\"clmn-wide-content\">\n<ul class=\"lista no-padding-top\">\n<li>\n<p class=\"no-padding-top\">Metka Dari\u0161, Slovene cinematheque<\/p>\n<\/li>\n<li>\n<p class=\"no-padding-top\">Jurij Meden, Slovene cinematheque<\/p>\n<\/li>\n<\/ul>\n<\/div>\n<\/div>\n<div class=\"spacer\"><\/div>\n<div class=\"separator-nadcrtano\">\n<div class=\"clmn-content\">\n<h4 class=\"no-padding-top black\">Mountain song<\/h4>\n<\/div>\n<div class=\"clmn-wide-content\">\n<ul class=\"lista no-padding-top\">\n<li>\n<p>Lu\u010dka Kova\u010di\u010d, Turisti\u010dno dru\u0161tvo \u0160marna Gora &ndash; Tacen<\/p>\n<\/li>\n<\/ul>\n<\/div>\n<\/div>\n<div class=\"spacer\"><\/div>\n<div class=\"separator-nadcrtano\">\n<div class=\"clmn-content\">\n<h4 class=\"no-padding-top black\">Music for brass<\/h4>\n<\/div>\n<div class=\"clmn-wide-content\">\n<ul class=\"lista no-padding-top\">\n<li>\n<p>Tone Urbas, The Association of Slovenian Brass Bands, President<\/p>\n<\/li>\n<li>\n<p>Ervin Hartman, The Association of Slovenian Brass Bands, President of honor<\/p>\n<\/li>\n<li>\n<p>Daniel Leskovic, Public fund for cultural activities of the Republic of Slovenia<\/p>\n<\/li>\n<\/ul>\n<\/div>\n<\/div>\n<div class=\"spacer\"><\/div>\n<div class=\"separator-nadcrtano\">\n<div class=\"clmn-content\">\n<h4 class=\"no-padding-top black\">New notation publications with music by Bojan Adami\u010d<\/h4>\n<\/div>\n<div class=\"clmn-wide-content\">\n<ul class=\"lista no-padding-top\">\n<li>\n<p>Klemen Weiss, Society of Slovene Composers<\/p>\n<\/li>\n<li>\n<p>Ervin Hartman, Publisher Hartman d.o.o.<\/p>\n<\/li>\n<li>\n<p>Mojca Menart and Ivo Umek, Zalo\u017eba kaset in plo\u0161\u010d RTV Slovenija in cooperation with Meri Avsenak<\/p>\n<\/li>\n<\/ul>\n<\/div>\n<\/div>\n<div class=\"spacer\"><\/div>\n<div class=\"separator-nadcrtano\">\n<div class=\"clmn-content\">\n<h4 class=\"no-padding-top black\">Puppet &ndash; marionette show<\/h4>\n<\/div>\n<div class=\"clmn-wide-content\">\n<ul class=\"lista no-padding-top\">\n<li>\n<p>Nata\u0161a Vi\u017eintin, Ljubljana Puppet Theatre<\/p>\n<\/li>\n<\/ul>\n<\/div>\n<\/div>\n<div class=\"spacer\"><\/div>\n<div class=\"separator-nadcrtano\">\n<div class=\"clmn-content\">\n<h4 class=\"no-padding-top black\">Republic of Slovenia Public Fund for Cultural Activities<\/h4>\n<\/div>\n<div class=\"clmn-wide-content\">\n<ul class=\"lista no-padding-top\">\n<li>\n<p>Daniel Leskovic, Ljubljana<\/p>\n<\/li>\n<li>\n<p>Alenka Pahulje, OI Ribnica<\/p>\n<\/li>\n<li>\n<p>Matic Varl, OI Maribor<\/p>\n<\/li>\n<\/ul>\n<\/div>\n<\/div>\n<div class=\"spacer\"><\/div>\n<div class=\"separator-nadcrtano\">\n<div class=\"clmn-content\">\n<h4 class=\"no-padding-top black\">Slovene music days<\/h4>\n<\/div>\n<div class=\"clmn-wide-content\">\n<ul class=\"lista no-padding-top\">\n<li>\n<p>Veronika Brvar, Festival Ljubljana<\/p>\n<\/li>\n<\/ul>\n<\/div>\n<\/div>\n<div class=\"spacer\"><\/div>\n<div class=\"separator-nadcrtano\">\n<div class=\"clmn-content\">\n<h4 class=\"no-padding-top black\">Symposium<\/h4>\n<\/div>\n<div class=\"clmn-wide-content\">\n<ul class=\"lista no-padding-top\">\n<li>\n<p>dr. Darja Koter, Music Academy, Ljubljana<\/p>\n<\/li>\n<\/ul>\n<\/div>\n<\/div>\n<div class=\"spacer\"><\/div>\n<\/div>\n<h2>Founding of the project<\/h2>\n<p>In 2008, the family of Bojan Adami\u010d made a draft of a project entitled &ldquo;The year 2012 under the brand of the 100th anniversary of the birth of Bojan Adami\u010d&rdquo; with the purpose that a symposium and several musical and photographic events related to the work of Bojan Adami\u010d would take place in the year 2012.<\/p>\n<p>They considered a variety of activities throughout Slovenia and beyond to mark his creative and quality art work. He was creative in diverse fields of culture, from music (various types, pop-songs in dialects, Slovenian pop song, chanson, film, choral music, songs for children, piano concerts, musical, marionette shows, theatre plays, etc) to photography.<\/p>\n<p>In 2009 they presented the project at the Ministry of Culture of the Republic of Slovenia to the minister Mrs. Majda \u0160irca, and invited numerous institutions, societies and individuals to participate in this project.<\/p>\n<p>The project has its own <a href=\"http:\/\/www.bojan-adamic.si\/en\/wp-content\/themes\/adamic\/slike\/logo_large.jpg\">logotype<\/a>, designed by Ale\u0161 \u017ditnik of Kranj.<\/p>\n<p>For the help received in the realization of the project the family of Bojan Adami\u010d extends their cordial thanks to all involved.<\/p>\n<p>The family ows warm thanks to their friend Branka Klemenc for her adaptation of the web page in English.<\/p>\n<div><a href=\"http:\/\/www.jskd.si\/english\/uvod_english.htm\" title=\"Republic of Slovenia Public Fund for Cultural Activities (JSKD)\"><img decoding=\"async\" class=\"float-left mrg-top mrg-right\" src=\"http:\/\/www.bojan-adamic.si\/wp-content\/themes\/adamic\/slike\/logo_jskd.jpg\" alt=\"Javni sklad RS za kulturne dejavnosti\" \/><\/a><\/div>\n<div><a href=\"http:\/\/www.studiomeg-sp.si\/\" title=\"StudioMEG\"><img decoding=\"async\" class=\"float-left mrg-top\" src=\"http:\/\/www.bojan-adamic.si\/wp-content\/themes\/adamic\/slike\/logo_meg.png\" alt=\"Studio MEG\" \/><\/a><\/div>\n<div class=\"spacer\"><\/div>\n<div><a href=\"http:\/\/www.cafe-teater.si\/\" title=\"Cafe Teater\"><img decoding=\"async\" class=\"float-left mrg-top mrg-right\" src=\"http:\/\/www.bojan-adamic.si\/wp-content\/themes\/adamic\/slike\/logo_cafe.jpg\" alt=\"Cafe Teater\" \/><\/a><\/div>\n<div><a href=\"http:\/\/www.maribor2012.eu\/en\/ecoc\/introductory-speech\/\" title=\"Maribor 2012 &ndash; european capital of culture\"><img decoding=\"async\" class=\"float-left mrg-top mrg-right\" src=\"http:\/\/www.bojan-adamic.si\/wp-content\/themes\/adamic\/slike\/logo_maribor.jpg\" alt=\"Maribor evropska prestolnica kulture 2012\" \/><\/a><\/div>\n<div><a href=\"http:\/\/www.zvezaslovenskih-godb.si\/\" title=\"Zveza slovenskih godb\"><img decoding=\"async\" class=\"float-left mrg-top\" src=\"http:\/\/www.bojan-adamic.si\/wp-content\/themes\/adamic\/slike\/logo_zsg.jpg\" alt=\"Zveza slovenskih godb\" \/><\/a><\/div>\n<div class=\"spacer\"><\/div>\n<\/div>\n<div class=\"sidebar\">\n<ul id=\"navSide\" class=\"mrg\">\n<li><a href=\"\/en\/project\/\">Project<\/a><\/li>\n<li><a class=\"select\" href=\"\/en\/about-the-project\/\">About the project<\/a><\/li>\n<\/ul>\n<h3 class=\"side-title mrg-top\">Calendar of events<\/h3>\n<p class=\"padding-left\">See the <a href=\"\/en\/calendar\/\">calendar of events<\/a> within the Project on Bojan Adami\u010d&#8217;s 100th anniversary.<\/p>\n","protected":false},"excerpt":{"rendered":"<p>About the project Organization and coordination The project was coordinated by Alenka Adami\u010d, daughter of Bojan Adami\u010d, in cooperation with: Chanson Vita Mavri\u010d, Cafe theater Andrej Stra\u017ei\u0161ar, Cafe theater Concert by RTV Slovenia Hugo \u0160ekoranja, Big Band RTV Slovenia \u017darko Prin\u010di\u010d, conducter Concert in Ribnica, Adami\u010d birth place Alenka Pahulje, Public fund for cultural activities [&hellip;]<\/p>\n","protected":false},"author":1,"featured_media":0,"parent":0,"menu_order":0,"comment_status":"open","ping_status":"open","template":"podstrani.php","meta":{"footnotes":""},"_links":{"self":[{"href":"https:\/\/www.bojan-adamic.si\/en\/wp-json\/wp\/v2\/pages\/35"}],"collection":[{"href":"https:\/\/www.bojan-adamic.si\/en\/wp-json\/wp\/v2\/pages"}],"about":[{"href":"https:\/\/www.bojan-adamic.si\/en\/wp-json\/wp\/v2\/types\/page"}],"author":[{"embeddable":true,"href":"https:\/\/www.bojan-adamic.si\/en\/wp-json\/wp\/v2\/users\/1"}],"replies":[{"embeddable":true,"href":"https:\/\/www.bojan-adamic.si\/en\/wp-json\/wp\/v2\/comments?post=35"}],"version-history":[{"count":21,"href":"https:\/\/www.bojan-adamic.si\/en\/wp-json\/wp\/v2\/pages\/35\/revisions"}],"predecessor-version":[{"id":66,"href":"https:\/\/www.bojan-adamic.si\/en\/wp-json\/wp\/v2\/pages\/35\/revisions\/66"}],"wp:attachment":[{"href":"https:\/\/www.bojan-adamic.si\/en\/wp-json\/wp\/v2\/media?parent=35"}],"curies":[{"name":"wp","href":"https:\/\/api.w.org\/{rel}","templated":true}]}}